{"id":17630,"date":"2023-09-25T16:26:41","date_gmt":"2023-09-25T15:26:41","guid":{"rendered":"https:\/\/sonpocapalla.es\/producto\/senalleta-de-palma-amb-trenat-de-colors-ref-1050\/"},"modified":"2025-06-04T08:09:22","modified_gmt":"2025-06-04T07:09:22","slug":"senalleta-de-palma-amb-trenat-de-colors-ref-1050","status":"publish","type":"product","link":"https:\/\/sonpocapalla.es\/ca\/producto\/senalleta-de-palma-amb-trenat-de-colors-ref-1050\/","title":{"rendered":"Senalleta de palma amb franja de colors \u2013 Ref. 1050"},"content":{"rendered":"<p data-start=\"303\" data-end=\"560\">Aquesta senalleta artesanal de palma destaca pel seu alegre trenat a m\u00e0 amb fibres tenyides en tons morat, turquesa i natural. La seva est\u00e8tica recorda les cl\u00e0ssiques senalletes de v\u00edmet, per\u00f2 est\u00e0 elaborada amb palma, una fibra m\u00e9s lleugera, flexible i sostenible. <\/p>\n<p data-start=\"782\" data-end=\"952\">Aquest model uneix tradici\u00f3, color i funcionalitat, convertint-lo en un complement ideal tant per al dia a dia com per anar a la platja o utilitzar com a pe\u00e7a decorativa.<\/p>\n<p data-start=\"954\" data-end=\"1191\">???? Material: Palma natural amb fibres tenyides<br data-start=\"999\" data-end=\"1002\">???? Anses: Curtes de palma i opci\u00f3 amb o sense anses llargues de cuir<br data-start=\"1066\" data-end=\"1069\">???? Colors: Trenat en tons morat, verd turquesa i natural<br data-start=\"1128\" data-end=\"1131\">\u2728 Estil: Artesanal, alegre i pr\u00e0ctic<br data-start=\"1169\" data-end=\"1172\">???? Refer\u00e8ncia: 1050<\/p>\n<p data-start=\"1193\" data-end=\"1292\">Una senalleta amb car\u00e0cter mediterrani, feta a m\u00e0 i disponible en dos acabats per adaptar-se a tu. Tot a La Palma 1935. <\/p>\n","protected":false},"excerpt":{"rendered":"<p>Senalleta de palma amb anses curtes de palma i opci\u00f3 amb o sense anses llargues de cuir. Franja de colors.  Ref. 1050.<\/p>\n","protected":false},"featured_media":13704,"template":"","meta":[],"product_brand":[],"product_cat":[152],"product_tag":[],"tipo-de-cliente":[],"class_list":{"0":"post-17630","1":"product","2":"type-product","3":"status-publish","4":"has-post-thumbnail","6":"product_cat-cistelles","7":"product_shipping_class-clase-capsa-2-ca","9":"first","10":"instock","11":"taxable","12":"shipping-taxable","13":"purchasable","14":"product-type-variable"},"jetpack_sharing_enabled":true,"_links":{"self":[{"href":"https:\/\/sonpocapalla.es\/ca\/wp-json\/wp\/v2\/product\/17630","targetHints":{"allow":["GET"]}}],"collection":[{"href":"https:\/\/sonpocapalla.es\/ca\/wp-json\/wp\/v2\/product"}],"about":[{"href":"https:\/\/sonpocapalla.es\/ca\/wp-json\/wp\/v2\/types\/product"}],"version-history":[{"count":0,"href":"https:\/\/sonpocapalla.es\/ca\/wp-json\/wp\/v2\/product\/17630\/revisions"}],"wp:featuredmedia":[{"embeddable":true,"href":"https:\/\/sonpocapalla.es\/ca\/wp-json\/wp\/v2\/media\/13704"}],"wp:attachment":[{"href":"https:\/\/sonpocapalla.es\/ca\/wp-json\/wp\/v2\/media?parent=17630"}],"wp:term":[{"taxonomy":"product_brand","embeddable":true,"href":"https:\/\/sonpocapalla.es\/ca\/wp-json\/wp\/v2\/product_brand?post=17630"},{"taxonomy":"product_cat","embeddable":true,"href":"https:\/\/sonpocapalla.es\/ca\/wp-json\/wp\/v2\/product_cat?post=17630"},{"taxonomy":"product_tag","embeddable":true,"href":"https:\/\/sonpocapalla.es\/ca\/wp-json\/wp\/v2\/product_tag?post=17630"},{"taxonomy":"tipo-de-cliente","embeddable":true,"href":"https:\/\/sonpocapalla.es\/ca\/wp-json\/wp\/v2\/tipo-de-cliente?post=17630"}],"curies":[{"name":"wp","href":"https:\/\/api.w.org\/{rel}","templated":true}]}}