{"id":17438,"date":"2024-02-28T07:10:30","date_gmt":"2024-02-28T06:10:30","guid":{"rendered":"https:\/\/sonpocapalla.es\/producto\/cistell-de-palma-alt-sense-anses-ni-tapa-ref-14\/"},"modified":"2025-05-21T17:37:29","modified_gmt":"2025-05-21T16:37:29","slug":"cistell-de-palma-alt-sense-anses-ni-tapa-ref-14","status":"publish","type":"product","link":"https:\/\/sonpocapalla.es\/ca\/producto\/cistell-de-palma-alt-sense-anses-ni-tapa-ref-14\/","title":{"rendered":"Cistell de palma alt sense anses ni tapa \u2013 Ref. 14"},"content":{"rendered":"<p class=\"\" data-start=\"378\" data-end=\"635\">Aquest cistell de palma trenada, completament fet a m\u00e0, destaca per la seva forma cil\u00edndrica alta i el seu disseny net, sense anses ni tapa. Est\u00e0 disponible en diverses mides, sent el model m\u00e9s gran d\u2019aproximadament 60 cm d\u2019al\u00e7ada i 40 cm de di\u00e0metre.<\/p>\n<p class=\"\" data-start=\"637\" data-end=\"958\">Fabricat amb palma natural, una fibra tradicional m\u00e9s lleugera i flexible que el v\u00edmet, aquest cistell ofereix una alternativa artesanal als cl\u00e0ssics cistells de v\u00edmet. La seva forma s\u00f2bria i vertical el fa perfecte com a pe\u00e7a d\u2019emmagatzematge o decoraci\u00f3 d\u2019interiors: ideal per a roba, mantes, testos o com a paperera natural.<\/p>\n<p class=\"\" data-start=\"960\" data-end=\"1037\">Un cistell funcional, resistent i ple de car\u00e0cter r\u00fastic, fet per durar.<\/p>\n<p class=\"\" data-start=\"1039\" data-end=\"1249\">???? Material: Palma natural (m\u00e9s lleugera que el v\u00edmet)<br data-start=\"1092\" data-end=\"1095\">???? Disseny: Cil\u00edndric, alt, sense anses ni tapa<br data-start=\"1140\" data-end=\"1143\">???? Acabat: Trenat a m\u00e0<br data-start=\"1183\" data-end=\"1186\">\u2728 Estil: Artesanal, minimalista i vers\u00e0til<br data-start=\"1229\" data-end=\"1232\">???? Refer\u00e8ncia: 14<\/p>\n<p class=\"\" data-start=\"1251\" data-end=\"1361\">Un cistell alt que recorda l\u2019estil tradicional del v\u00edmet, per\u00f2 amb l\u2019ess\u00e8ncia c\u00e0lida i natural de la palma.<\/p>\n","protected":false},"excerpt":{"rendered":"<p>Cistell alt de palma natural sense anses ni tapa. Trenat a m\u00e0, resistent i perfecte per a emmagatzematge o decoraci\u00f3. Ref. 14.<\/p>\n","protected":false},"featured_media":17344,"template":"","meta":[],"product_brand":[],"product_cat":[153],"product_tag":[],"tipo-de-cliente":[],"class_list":{"0":"post-17438","1":"product","2":"type-product","3":"status-publish","4":"has-post-thumbnail","6":"product_cat-decoracio","7":"product_shipping_class-clase-capsa-1-ca","9":"first","10":"instock","11":"taxable","12":"shipping-taxable","13":"purchasable","14":"product-type-variable"},"jetpack_sharing_enabled":true,"_links":{"self":[{"href":"https:\/\/sonpocapalla.es\/ca\/wp-json\/wp\/v2\/product\/17438","targetHints":{"allow":["GET"]}}],"collection":[{"href":"https:\/\/sonpocapalla.es\/ca\/wp-json\/wp\/v2\/product"}],"about":[{"href":"https:\/\/sonpocapalla.es\/ca\/wp-json\/wp\/v2\/types\/product"}],"version-history":[{"count":0,"href":"https:\/\/sonpocapalla.es\/ca\/wp-json\/wp\/v2\/product\/17438\/revisions"}],"wp:featuredmedia":[{"embeddable":true,"href":"https:\/\/sonpocapalla.es\/ca\/wp-json\/wp\/v2\/media\/17344"}],"wp:attachment":[{"href":"https:\/\/sonpocapalla.es\/ca\/wp-json\/wp\/v2\/media?parent=17438"}],"wp:term":[{"taxonomy":"product_brand","embeddable":true,"href":"https:\/\/sonpocapalla.es\/ca\/wp-json\/wp\/v2\/product_brand?post=17438"},{"taxonomy":"product_cat","embeddable":true,"href":"https:\/\/sonpocapalla.es\/ca\/wp-json\/wp\/v2\/product_cat?post=17438"},{"taxonomy":"product_tag","embeddable":true,"href":"https:\/\/sonpocapalla.es\/ca\/wp-json\/wp\/v2\/product_tag?post=17438"},{"taxonomy":"tipo-de-cliente","embeddable":true,"href":"https:\/\/sonpocapalla.es\/ca\/wp-json\/wp\/v2\/tipo-de-cliente?post=17438"}],"curies":[{"name":"wp","href":"https:\/\/api.w.org\/{rel}","templated":true}]}}