{"id":11189,"date":"2023-04-18T13:39:20","date_gmt":"2023-04-18T13:39:20","guid":{"rendered":"https:\/\/beta.lapalma1935.es\/producto\/cesta-1051-6-a-cuero-corta-especial-solapa-2\/"},"modified":"2026-02-07T10:07:54","modified_gmt":"2026-02-07T09:07:54","slug":"cesta-solapa-piel","status":"publish","type":"product","link":"https:\/\/sonpocapalla.es\/ca\/producto\/cesta-solapa-piel\/","title":{"rendered":"CESTA CON SOLAPA DE PIEL DE ALTA CALIDAD"},"content":{"rendered":"<p>Cesta de palmito con asas y solapa de piel de alta calidad. La solapa cierra con un bot\u00f3n magn\u00e9tico. Tres tama\u00f1os disponibles.<\/p>\n","protected":false},"excerpt":{"rendered":"<p>Cesta de palmito con asas y solapa de piel.<\/p>\n","protected":false},"featured_media":10592,"template":"","meta":[],"product_brand":[],"product_cat":[152],"product_tag":[],"tipo-de-cliente":[449,448],"class_list":{"0":"post-11189","1":"product","2":"type-product","3":"status-publish","4":"has-post-thumbnail","6":"product_cat-cistelles","7":"product_shipping_class-clase-capsa-2-ca","8":"tipo-de-cliente-cliente-final","9":"tipo-de-cliente-cliente-mayotista","11":"first","12":"instock","13":"taxable","14":"shipping-taxable","15":"purchasable","16":"product-type-variable"},"jetpack_sharing_enabled":true,"_links":{"self":[{"href":"https:\/\/sonpocapalla.es\/ca\/wp-json\/wp\/v2\/product\/11189","targetHints":{"allow":["GET"]}}],"collection":[{"href":"https:\/\/sonpocapalla.es\/ca\/wp-json\/wp\/v2\/product"}],"about":[{"href":"https:\/\/sonpocapalla.es\/ca\/wp-json\/wp\/v2\/types\/product"}],"version-history":[{"count":1,"href":"https:\/\/sonpocapalla.es\/ca\/wp-json\/wp\/v2\/product\/11189\/revisions"}],"predecessor-version":[{"id":19675,"href":"https:\/\/sonpocapalla.es\/ca\/wp-json\/wp\/v2\/product\/11189\/revisions\/19675"}],"wp:featuredmedia":[{"embeddable":true,"href":"https:\/\/sonpocapalla.es\/ca\/wp-json\/wp\/v2\/media\/10592"}],"wp:attachment":[{"href":"https:\/\/sonpocapalla.es\/ca\/wp-json\/wp\/v2\/media?parent=11189"}],"wp:term":[{"taxonomy":"product_brand","embeddable":true,"href":"https:\/\/sonpocapalla.es\/ca\/wp-json\/wp\/v2\/product_brand?post=11189"},{"taxonomy":"product_cat","embeddable":true,"href":"https:\/\/sonpocapalla.es\/ca\/wp-json\/wp\/v2\/product_cat?post=11189"},{"taxonomy":"product_tag","embeddable":true,"href":"https:\/\/sonpocapalla.es\/ca\/wp-json\/wp\/v2\/product_tag?post=11189"},{"taxonomy":"tipo-de-cliente","embeddable":true,"href":"https:\/\/sonpocapalla.es\/ca\/wp-json\/wp\/v2\/tipo-de-cliente?post=11189"}],"curies":[{"name":"wp","href":"https:\/\/api.w.org\/{rel}","templated":true}]}}