{"id":9834,"date":"2023-03-14T09:58:56","date_gmt":"2023-03-14T08:58:56","guid":{"rendered":"https:\/\/beta.lapalma1935.es\/carrito-2\/"},"modified":"2026-04-15T18:02:30","modified_gmt":"2026-04-15T17:02:30","slug":"cistella","status":"publish","type":"page","link":"https:\/\/sonpocapalla.es\/ca\/cistella\/","title":{"rendered":"Cistella"},"content":{"rendered":"\t\t<div data-elementor-type=\"wp-page\" data-elementor-id=\"9834\" class=\"elementor elementor-9834 elementor-8\" data-elementor-post-type=\"page\">\n\t\t\t\t<div class=\"elementor-element elementor-element-1dcd47c e-flex e-con-boxed e-con e-parent\" data-id=\"1dcd47c\" data-element_type=\"container\" data-e-type=\"container\" data-settings=\"{&quot;jet_parallax_layout_list&quot;:[]}\">\n\t\t\t\t\t<div class=\"e-con-inner\">\n\t\t\t\t<div class=\"elementor-element elementor-element-20f1973 e-cart-layout-two-column elementor-widget elementor-widget-woocommerce-cart\" data-id=\"20f1973\" data-element_type=\"widget\" data-e-type=\"widget\" data-settings=\"{&quot;sticky_right_column&quot;:&quot;yes&quot;}\" data-widget_type=\"woocommerce-cart.default\">\n\t\t\t\t<div class=\"elementor-widget-container\">\n\t\t\t\t\t<div class=\"woocommerce\"><div class=\"woocommerce-notices-wrapper\"><\/div><div class=\"wc-empty-cart-message\">\n\t<div class=\"cart-empty woocommerce-info\" role=\"status\">\n\t\tLa cistella est\u00e0 buida.\t<\/div>\n<\/div>\t<p class=\"return-to-shop\">\n\t\t<a class=\"button wc-backward\" href=\"https:\/\/sonpocapalla.es\/ca\/tenda\/\">\n\t\t\tTornar a la tenda\t\t<\/a>\n\t<\/p>\n<\/div>\t\t\t\t<\/div>\n\t\t\t\t<\/div>\n\t\t\t\t\t<\/div>\n\t\t\t\t<\/div>\n\t\t\t\t<\/div>\n\t\t","protected":false},"excerpt":{"rendered":"<p>Eliminar art\u00edculo Imagen en miniatura Producto Precio Cantidad Subtotal &times; L\u00e1mpara de malla fina de esparto 41,75&nbsp;&euro; L\u00e1mpara de malla fina de esparto&nbsp; cantidad 83,50&nbsp;&euro; (incl. impuestos) &times; Alfombra de palma &#8211; 150 cm 93,50&nbsp;&euro; Alfombra de palma &#8211; 150 cm&nbsp; cantidad 93,50&nbsp;&euro; (incl. impuestos) &times; Capazo artesanal de palma con base redonda \u2013 Ref. [&hellip;]<\/p>\n","protected":false},"author":116,"featured_media":0,"parent":0,"menu_order":0,"comment_status":"closed","ping_status":"closed","template":"","meta":{"footnotes":""},"class_list":["post-9834","page","type-page","status-publish","hentry"],"jetpack_sharing_enabled":true,"_links":{"self":[{"href":"https:\/\/sonpocapalla.es\/ca\/wp-json\/wp\/v2\/pages\/9834","targetHints":{"allow":["GET"]}}],"collection":[{"href":"https:\/\/sonpocapalla.es\/ca\/wp-json\/wp\/v2\/pages"}],"about":[{"href":"https:\/\/sonpocapalla.es\/ca\/wp-json\/wp\/v2\/types\/page"}],"author":[{"embeddable":true,"href":"https:\/\/sonpocapalla.es\/ca\/wp-json\/wp\/v2\/users\/116"}],"replies":[{"embeddable":true,"href":"https:\/\/sonpocapalla.es\/ca\/wp-json\/wp\/v2\/comments?post=9834"}],"version-history":[{"count":7,"href":"https:\/\/sonpocapalla.es\/ca\/wp-json\/wp\/v2\/pages\/9834\/revisions"}],"predecessor-version":[{"id":20312,"href":"https:\/\/sonpocapalla.es\/ca\/wp-json\/wp\/v2\/pages\/9834\/revisions\/20312"}],"wp:attachment":[{"href":"https:\/\/sonpocapalla.es\/ca\/wp-json\/wp\/v2\/media?parent=9834"}],"curies":[{"name":"wp","href":"https:\/\/api.w.org\/{rel}","templated":true}]}}