{"id":11005,"date":"2023-03-14T09:54:22","date_gmt":"2023-03-14T08:54:22","guid":{"rendered":"https:\/\/beta.lapalma1935.es\/politica-privacidad\/"},"modified":"2026-02-18T16:36:45","modified_gmt":"2026-02-18T15:36:45","slug":"politica-privacitat","status":"publish","type":"page","link":"https:\/\/sonpocapalla.es\/ca\/politica-privacitat\/","title":{"rendered":"Pol\u00edtica de privacitat"},"content":{"rendered":"\t\t<div data-elementor-type=\"wp-page\" data-elementor-id=\"11005\" class=\"elementor elementor-11005 elementor-3\" data-elementor-post-type=\"page\">\n\t\t\t\t<div class=\"elementor-element elementor-element-7c60f1e3 e-flex e-con-boxed e-con e-parent\" data-id=\"7c60f1e3\" data-element_type=\"container\" data-e-type=\"container\" data-settings=\"{&quot;jet_parallax_layout_list&quot;:[]}\">\n\t\t\t\t\t<div class=\"e-con-inner\">\n\t\t\t\t<div class=\"elementor-element elementor-element-5c5c74af elementor-widget elementor-widget-text-editor\" data-id=\"5c5c74af\" data-element_type=\"widget\" data-e-type=\"widget\" data-widget_type=\"text-editor.default\">\n\t\t\t\t\t\t\t\t\t<p>\u00a0<\/p><h3>Protecci\u00f3n de Datos de Car\u00e0cter Personal<\/h3><p>Mediante este aviso legal, ARTESANIA LA PALMA S.A. informa a los usuarios de la p\u00e1gina Web, acerca de su pol\u00edtica de privacidad y protecci\u00f3n de datos de car\u00e1cter personal.<\/p><p>De conformidad con lo dispuesto en la normativa de Protecci\u00f3n de Datos vigente, informamos que el env\u00edo de cualquier dato de car\u00e1cter personal a trav\u00e9s de los formularios de la p\u00e1gina Web, correo electr\u00f3nico, o bien v\u00eda telef\u00f3nica, implica aceptar y consentir el tratamiento de los mismos en los t\u00e9rminos indicados en la presente pol\u00edtica de privacidad.<\/p><p>La Empresa garantiza la confidencialidad de los datos facilitados. Asimismo, se compromete al cumplimiento de las obligaciones establecidas en el Reglamento Europeo de Protecci\u00f3n de Datos, as\u00ed como la Ley de Protecci\u00f3n de Datos, adoptando para ello las medidas t\u00e9cnicas y organizativas necesarias para evitar la p\u00e9rdida, mal uso, alteraci\u00f3n y acceso no autorizado, habida cuenta del estado de la tecnolog\u00eda, la naturaleza de los datos y los riesgos a los que est\u00e1n expuestos.<\/p><h3>Apartado de Contacto<\/h3><p><strong>Responsable del tratamiento<\/strong><\/p><p>El responsable de tratamiento es Artesan\u00eda la Palma S.A., con domicilio social en calle del Mar, n\u00famero 17, 07580, Capdepera, Mallorca, Illes Balears.<\/p><p><strong>Finalidad del tratamiento<\/strong><\/p><p>La informaci\u00f3n que nos facilitan las personas interesadas ser\u00e1 tratada con el fin de responder a la petici\u00f3n de informaci\u00f3n solicitada, as\u00ed como facilitar a los interesados ofertas de productos y servicios de su inter\u00e9s, si \u00e9stos han dado su consentimiento.<\/p><p><strong>Conservaci\u00f3n de los datos<\/strong><\/p><p>Los datos personales recogidos ser\u00e1n conservados mientras exista un inter\u00e9s mutuo para ello. El interesado podr\u00e1 solicitar su supresi\u00f3n.<\/p><p><strong>Legitimaci\u00f3n del tratamiento<\/strong><\/p><p>La base legal para el tratamiento de sus datos es la solicitud de consentimiento de los interesados. Los campos marcados son obligatorios, si no se cumplimentan, no se enviar\u00e1 el formulario.<\/p><p><strong>Destinatarios de cesiones<\/strong><\/p><p>No est\u00e1 previsto realizar cesiones de datos.<\/p><p><strong>Destinatarios de transferencias internacionales<\/strong><\/p><p>No est\u00e1 prevista ninguna transferencia internacional a terceros pa\u00edses.<\/p><p><strong>Derechos de los interesados<\/strong><\/p><p>La normativa vigente de protecci\u00f3n de datos le ampara en una serie de derechos en relaci\u00f3n al uso que le damos a sus datos. Todos y cada uno de sus derechos son unipersonales e intransferibles, es decir, que \u00fanicamente pueden ser realizados por el titular de los datos, previa comprobaci\u00f3n de su identidad. Los interesados podr\u00e1n ejercitar los derechos:<\/p><ul><li>De acceso a los datos personales que le conciernen;<\/li><li>De rectificaci\u00f3n de sus datos personales para su actualizaci\u00f3n;<\/li><li>De supresi\u00f3n, cuando entre otros motivos, los datos ya no sean necesarios para las finalidades que fueron recogidos.<\/li><li>De limitaci\u00f3n del tratamiento de sus datos, en determinadas circunstancias, en cuyo caso, el responsable de tratamiento \u00fanicamente conservar\u00e1 los datos para el ejercicio o la defensa de reclamaciones.<\/li><li>De oposici\u00f3n al tratamiento de sus datos, en determinadas circunstancias y por motivos relacionados con su situaci\u00f3n particular, en cuyo caso, el responsable de tratamiento \u00fanicamente conservar\u00e1 los datos personales para el ejercicio o la defensa de reclamaciones.<\/li><li>De portabilidad de sus datos personales, cuando \u00e9stos sean automatizados.<\/li><li>El interesado tiene derecho a retirar el consentimiento en cualquier momento, sin que ello afecte a la licitud del tratamiento basado en el consentimiento previo a su retirada.<\/li><li>El interesado puede presentar una reclamaci\u00f3n ante la Autoridad de Control en materia de Protecci\u00f3n de Datos competente, especialmente cuando no haya obtenido satisfacci\u00f3n en el ejercicio de sus derechos, y la forma de ponerse en contacto con ella.<\/li><\/ul><p>Para ello, debe dirigirse mediante solicitud escrita y firmada, acompa\u00f1ada de fotocopia de DNI\/Pasaporte, a la sede social informada en el apartado Responsable del tratamiento.<\/p><p>\u00a0<\/p>\t\t\t\t\t\t\t\t<\/div>\n\t\t\t\t\t<\/div>\n\t\t\t\t<\/div>\n\t\t\t\t<\/div>\n\t\t","protected":false},"excerpt":{"rendered":"<p>\u00a0 Protecci\u00f3n de Datos de Car\u00e0cter Personal Mediante este aviso legal, ARTESANIA LA PALMA S.A. informa a los usuarios de la p\u00e1gina Web, acerca de su pol\u00edtica de privacidad y protecci\u00f3n de datos de car\u00e1cter personal. De conformidad con lo dispuesto en la normativa de Protecci\u00f3n de Datos vigente, informamos que el env\u00edo de cualquier [&hellip;]<\/p>\n","protected":false},"author":116,"featured_media":0,"parent":0,"menu_order":0,"comment_status":"closed","ping_status":"open","template":"","meta":{"footnotes":""},"class_list":["post-11005","page","type-page","status-publish","hentry"],"jetpack_sharing_enabled":true,"_links":{"self":[{"href":"https:\/\/sonpocapalla.es\/ca\/wp-json\/wp\/v2\/pages\/11005","targetHints":{"allow":["GET"]}}],"collection":[{"href":"https:\/\/sonpocapalla.es\/ca\/wp-json\/wp\/v2\/pages"}],"about":[{"href":"https:\/\/sonpocapalla.es\/ca\/wp-json\/wp\/v2\/types\/page"}],"author":[{"embeddable":true,"href":"https:\/\/sonpocapalla.es\/ca\/wp-json\/wp\/v2\/users\/116"}],"replies":[{"embeddable":true,"href":"https:\/\/sonpocapalla.es\/ca\/wp-json\/wp\/v2\/comments?post=11005"}],"version-history":[{"count":4,"href":"https:\/\/sonpocapalla.es\/ca\/wp-json\/wp\/v2\/pages\/11005\/revisions"}],"predecessor-version":[{"id":20169,"href":"https:\/\/sonpocapalla.es\/ca\/wp-json\/wp\/v2\/pages\/11005\/revisions\/20169"}],"wp:attachment":[{"href":"https:\/\/sonpocapalla.es\/ca\/wp-json\/wp\/v2\/media?parent=11005"}],"curies":[{"name":"wp","href":"https:\/\/api.w.org\/{rel}","templated":true}]}}