{"id":11001,"date":"2023-04-19T08:55:39","date_gmt":"2023-04-19T07:55:39","guid":{"rendered":"https:\/\/beta.lapalma1935.es\/politica-de-cookies\/"},"modified":"2026-02-18T16:28:55","modified_gmt":"2026-02-18T15:28:55","slug":"politica-de-cookies","status":"publish","type":"page","link":"https:\/\/sonpocapalla.es\/ca\/politica-de-cookies\/","title":{"rendered":"Pol\u00edtica de cookies"},"content":{"rendered":"\t\t<div data-elementor-type=\"wp-page\" data-elementor-id=\"11001\" class=\"elementor elementor-11001 elementor-10939\" data-elementor-post-type=\"page\">\n\t\t\t\t<div class=\"elementor-element elementor-element-46aa4b57 e-flex e-con-boxed e-con e-parent\" data-id=\"46aa4b57\" data-element_type=\"container\" data-e-type=\"container\" data-settings=\"{&quot;jet_parallax_layout_list&quot;:[]}\">\n\t\t\t\t\t<div class=\"e-con-inner\">\n\t\t\t\t<div class=\"elementor-element elementor-element-8972130 elementor-widget elementor-widget-heading\" data-id=\"8972130\" data-element_type=\"widget\" data-e-type=\"widget\" data-widget_type=\"heading.default\">\n\t\t\t\t\t<h1 class=\"elementor-heading-title elementor-size-default\">Pol\u00edtica de cookies<\/h1>\t\t\t\t<\/div>\n\t\t\t\t<div class=\"elementor-element elementor-element-5717122c elementor-widget elementor-widget-text-editor\" data-id=\"5717122c\" data-element_type=\"widget\" data-e-type=\"widget\" data-widget_type=\"text-editor.default\">\n\t\t\t\t\t\t\t\t\t<p>\u00a0<\/p><div class=\"politica\"><h3>Uso de Cookies<\/h3><div style=\"text-align: justify;\"><p style=\"text-align: justify;\">El acceso a esta web implica la utilizaci\u00f3n de cookies. Una cookie es un peque\u00f1o archivo que se almacena en el ordenador del usuario y permite reconocerle, guardar sus preferencias de navegaci\u00f3n, guardar datos de formularios, recopilar los h\u00e1bitos de navegaci\u00f3n, etc. Las cookies son esenciales para el funcionamiento de Internet, aportando innumerables ventajas en la prestaci\u00f3n de servicios interactivos.<\/p><p style=\"text-align: justify;\">Si contin\u00faa navegando, el usuario acepta el uso de las cookies t\u00e9cnicas que son estrictamente necesarias para el funcionamiento correcto de la p\u00e1gina. Para las dem\u00e1s, el usuario debe dar su consentimiento y puede revocarlo en cualquier momento, mediante la configuraci\u00f3n de las preferencias de cookies de la p\u00e1gina. Adem\u00e1s, puede proceder a la eliminaci\u00f3n en su ordenador de las mismas y modificando los par\u00e1metros en su programa navegador (deber\u00e1 consultar la ayuda del navegador si desconoce c\u00f3mo hacerlo ya que los procesos para controlar y eliminar las cookies var\u00edan en funci\u00f3n del navegador usado).<\/p><p style=\"text-align: justify;\">Esta p\u00e1gina utiliza tipos diferentes de cookies. Algunas cookies son colocadas por servicios de terceros que aparecen en nuestras p\u00e1ginas (ej.: Social Plugins de Facebook o Twitter con la funci\u00f3n de controlar la interacci\u00f3n con los widgets dentro de la web).<\/p><\/div><h3 style=\"margin-top: 40px;\">Tipolog\u00eda de cookies:<\/h3><p><u>Cookies de sesi\u00f3n y cookies permanentes:<\/u><\/p><ul><li style=\"text-align: justify;\">Las cookies de sesi\u00f3n son archivos temporales que permanecen en el almac\u00e9n de cookies de su navegador hasta que cierre el navegador, sirven para la identificaci\u00f3n y para almacenar opciones elegidas por el usuario como el idioma.<\/li><li style=\"text-align: justify;\">Las cookies permanentes, son almacenadas en su ordenador durante un per\u00edodo fijo y nuestra web las lee cada vez que usted realiza una nueva visita. Contienen informaci\u00f3n similar a las cookies de sesi\u00f3n como preferencias de usuario e identificaci\u00f3n, pero poseen una fecha de expiraci\u00f3n determinada mayor tras la cual dejar\u00e1n de funcionar.<\/li><\/ul><p><u>Cookies propias o de terceros:<\/u><\/p><ul><li style=\"text-align: justify;\">Las cookies propias son aquellas que se env\u00edan al equipo terminal del usuario desde un equipo o dominio gestionado por el propio editor y desde el que se presta el servicio solicitado por el usuario.<\/li><li style=\"text-align: justify;\">Las cookies de terceros son empleadas por una organizaci\u00f3n diferente al propietario del sitio web al que usted visita. Por ejemplo, el sitio web podr\u00eda usar un servicio de anal\u00edtica web, externo, que utilizar\u00e1 sus propias cookies para realizar este servicio. Tambi\u00e9n puede usar proveedores externos especializados en gesti\u00f3n de campa\u00f1as publicitarias personalizadas.<\/li><\/ul><p><u>Tipos de cookies seg\u00fan su finalidad:<\/u><\/p><ul><li style=\"text-align: justify;\"><u>Cookies t\u00e9cnicas: <\/u>Son aqu\u00e9llas que permiten al usuario la navegaci\u00f3n a trav\u00e9s de una p\u00e1gina web, plataforma o aplicaci\u00f3n y la utilizaci\u00f3n de las diferentes opciones o servicios que en ella existan como, por ejemplo, controlar el tr\u00e1fico y la comunicaci\u00f3n de datos, identificar la sesi\u00f3n, acceder a partes de acceso restringido, recordar los elementos que integran un pedido, realizar el proceso de compra de un pedido, realizar la solicitud de inscripci\u00f3n o participaci\u00f3n en un evento, utilizar elementos de seguridad durante la navegaci\u00f3n, almacenar contenidos para la difusi\u00f3n de videos o sonido o compartir contenidos a trav\u00e9s de redes sociales.<\/li><li style=\"text-align: justify;\"><u>Cookies de personalizaci\u00f3n <\/u>Son aqu\u00e9llas que permiten al usuario acceder al servicio con algunas caracter\u00edsticas de car\u00e1cter general predefinidas en funci\u00f3n de una serie de criterios en el terminal del usuario como por ejemplo serian el idioma, el tipo de navegador a trav\u00e9s del cual accede al servicio, la configuraci\u00f3n regional desde donde accede al servicio, etc.<\/li><li style=\"text-align: justify;\"><u>Cookies de an\u00e1lisis:<\/u>Son aqu\u00e9llas que permiten al responsable de las mismas, el seguimiento y an\u00e1lisis del comportamiento de los usuarios de los sitios web a los que est\u00e1n vinculadas. La informaci\u00f3n recogida mediante este tipo de cookies se utiliza en la medici\u00f3n de la actividad de los sitios web, aplicaci\u00f3n o plataforma y para la elaboraci\u00f3n de perfiles de navegaci\u00f3n de los usuarios de dichos sitios, aplicaciones y plataformas, con el fin de introducir mejoras en funci\u00f3n del an\u00e1lisis de los datos de uso que hacen los usuarios del servicio.<\/li><\/ul><p style=\"margin-top: 40px;\"><b>Relaci\u00f3n de cookies utilizadas:<\/b><\/p><table><thead><tr><th><b>Nombre<\/b><\/th><th><b>Website<\/b><\/th><th><b>Expiraci\u00f3n<\/b><\/th><th><b>Descripci\u00f3n<\/b><\/th><\/tr><\/thead><tbody><tr><td>acceptCookie<\/td><td>www.lapalma1935.es<\/td><td>10 meses<\/td><td>Permite saber si el usuario a aceptado las cookies.<\/td><\/tr><tr><td>_ga<\/td><td>www.lapalma1935.es<\/td><td>2 a\u00f1os<\/td><td>Permite distinguir a los usuarios<\/td><\/tr><\/tbody><\/table><p class=\"pull-right\" style=\"margin-top: 40px;\"><b>(Vers. 11\/2020)<\/b><\/p><\/div><p>\u00a0<\/p>\t\t\t\t\t\t\t\t<\/div>\n\t\t\t\t\t<\/div>\n\t\t\t\t<\/div>\n\t\t\t\t<\/div>\n\t\t","protected":false},"excerpt":{"rendered":"<p>Pol\u00edtica de cookies \u00a0 Uso de Cookies El acceso a esta web implica la utilizaci\u00f3n de cookies. Una cookie es un peque\u00f1o archivo que se almacena en el ordenador del usuario y permite reconocerle, guardar sus preferencias de navegaci\u00f3n, guardar datos de formularios, recopilar los h\u00e1bitos de navegaci\u00f3n, etc. Las cookies son esenciales para el [&hellip;]<\/p>\n","protected":false},"author":116,"featured_media":0,"parent":0,"menu_order":0,"comment_status":"closed","ping_status":"closed","template":"","meta":{"footnotes":""},"class_list":["post-11001","page","type-page","status-publish","hentry"],"jetpack_sharing_enabled":true,"_links":{"self":[{"href":"https:\/\/sonpocapalla.es\/ca\/wp-json\/wp\/v2\/pages\/11001","targetHints":{"allow":["GET"]}}],"collection":[{"href":"https:\/\/sonpocapalla.es\/ca\/wp-json\/wp\/v2\/pages"}],"about":[{"href":"https:\/\/sonpocapalla.es\/ca\/wp-json\/wp\/v2\/types\/page"}],"author":[{"embeddable":true,"href":"https:\/\/sonpocapalla.es\/ca\/wp-json\/wp\/v2\/users\/116"}],"replies":[{"embeddable":true,"href":"https:\/\/sonpocapalla.es\/ca\/wp-json\/wp\/v2\/comments?post=11001"}],"version-history":[{"count":4,"href":"https:\/\/sonpocapalla.es\/ca\/wp-json\/wp\/v2\/pages\/11001\/revisions"}],"predecessor-version":[{"id":20160,"href":"https:\/\/sonpocapalla.es\/ca\/wp-json\/wp\/v2\/pages\/11001\/revisions\/20160"}],"wp:attachment":[{"href":"https:\/\/sonpocapalla.es\/ca\/wp-json\/wp\/v2\/media?parent=11001"}],"curies":[{"name":"wp","href":"https:\/\/api.w.org\/{rel}","templated":true}]}}